{"id":862,"date":"2025-01-22T15:39:59","date_gmt":"2025-01-22T21:39:59","guid":{"rendered":"https:\/\/makenbake.mx\/tienda\/?page_id=862"},"modified":"2025-01-23T16:51:36","modified_gmt":"2025-01-23T22:51:36","slug":"inicia-sesion","status":"publish","type":"page","link":"https:\/\/makenbake.mx\/tienda\/inicia-sesion\/","title":{"rendered":"Inicia sesi\u00f3n"},"content":{"rendered":"\t\t<div data-elementor-type=\"wp-page\" data-elementor-id=\"862\" class=\"elementor elementor-862\" data-elementor-post-type=\"page\">\n\t\t\t\t<div class=\"elementor-element elementor-element-90bf867 e-con-full e-flex e-con e-parent\" data-id=\"90bf867\" data-element_type=\"container\" data-settings=\"{&quot;background_background&quot;:&quot;classic&quot;,&quot;jet_parallax_layout_list&quot;:[]}\">\n\t\t\t\t<div class=\"elementor-element elementor-element-51e0b3b elementor-widget elementor-widget-image\" data-id=\"51e0b3b\" data-element_type=\"widget\" data-widget_type=\"image.default\">\n\t\t\t\t<div class=\"elementor-widget-container\">\n\t\t\t\t\t\t\t\t\t\t\t\t\t\t\t<img fetchpriority=\"high\" decoding=\"async\" width=\"256\" height=\"256\" src=\"https:\/\/makenbake.mx\/tienda\/wp-content\/uploads\/sites\/2\/2025\/01\/rocket-1.png\" class=\"attachment-large size-large wp-image-708\" alt=\"\" srcset=\"https:\/\/makenbake.mx\/tienda\/wp-content\/uploads\/sites\/2\/2025\/01\/rocket-1.png 256w, https:\/\/makenbake.mx\/tienda\/wp-content\/uploads\/sites\/2\/2025\/01\/rocket-1-150x150.png 150w, https:\/\/makenbake.mx\/tienda\/wp-content\/uploads\/sites\/2\/2025\/01\/rocket-1-100x100.png 100w\" sizes=\"(max-width: 256px) 100vw, 256px\" \/>\t\t\t\t\t\t\t\t\t\t\t\t\t\t\t<\/div>\n\t\t\t\t<\/div>\n\t\t\t\t<div class=\"elementor-element elementor-element-af2d397 elementor-widget elementor-widget-heading\" data-id=\"af2d397\" data-element_type=\"widget\" data-widget_type=\"heading.default\">\n\t\t\t\t<div class=\"elementor-widget-container\">\n\t\t\t\t\t<h2 class=\"elementor-heading-title elementor-size-default\">Inicia sesi\u00f3n<\/h2>\t\t\t\t<\/div>\n\t\t\t\t<\/div>\n\t\t\t\t<div class=\"elementor-element elementor-element-acccf88 elementor-widget__width-initial elementor-widget elementor-widget-jet-login\" data-id=\"acccf88\" data-element_type=\"widget\" data-widget_type=\"jet-login.default\">\n\t\t\t\t<div class=\"elementor-widget-container\">\n\t\t\t\t\t<div class=\"elementor-jet-login jet-blocks\"><div class=\"jet-login\"><form name=\"loginform\" id=\"loginform\"  method=\"post\"><p class=\"login-username\">\n\t\t\t\t<label for=\"user_login\">Usuario<\/label>\n\t\t\t\t<input type=\"text\" name=\"log\" id=\"user_login\" placeholder=\"\" autocomplete=\"username\" class=\"input\" value=\"\" size=\"20\" \/>\n\t\t\t<\/p><p class=\"login-password\">\n\t\t\t\t<label for=\"user_pass\">Contrase\u00f1a<\/label>\n\t\t\t\t<p class=\"login-password__wrapper\"><input type=\"password\" name=\"pwd\" id=\"user_pass\" placeholder=\"\" autocomplete=\"current-password\" spellcheck=\"false\" class=\"input\" value=\"\" size=\"20\" \/>\n\t\t\t<svg xmlns=\"http:\/\/www.w3.org\/2000\/svg\" aria-hidden=\"true\" class=\"e-font-icon-svg e-far-eye password-visibility__icon password-visibility__icon--show show\" viewBox=\"0 0 576 512\">\n\t\t\t\t<path d=\"M288 144a110.94 110.94 0 0 0-31.24 5 55.4 55.4 0 0 1 7.24 27 56 56 0 0 1-56 56 55.4 55.4 0 0 1-27-7.24A111.71 111.71 0 1 0 288 144zm284.52 97.4C518.29 135.59 410.93 64 288 64S57.68 135.64 3.48 241.41a32.35 32.35 0 0 0 0 29.19C57.71 376.41 165.07 448 288 448s230.32-71.64 284.52-177.41a32.35 32.35 0 0 0 0-29.19zM288 400c-98.65 0-189.09-55-237.93-144C98.91 167 189.34 112 288 112s189.09 55 237.93 144C477.1 345 386.66 400 288 400z\"><\/path>\n\t\t\t<\/svg>\n\t\t\t<svg xmlns=\"http:\/\/www.w3.org\/2000\/svg\" aria-hidden=\"true\" class=\"e-font-icon-svg e-far-eye-slash password-visibility__icon password-visibility__icon--hide\" viewBox=\"0 0 640 512\">\n\t\t\t\t<path d=\"M634 471L36 3.51A16 16 0 0 0 13.51 6l-10 12.49A16 16 0 0 0 6 41l598 467.49a16 16 0 0 0 22.49-2.49l10-12.49A16 16 0 0 0 634 471zM296.79 146.47l134.79 105.38C429.36 191.91 380.48 144 320 144a112.26 112.26 0 0 0-23.21 2.47zm46.42 219.07L208.42 260.16C210.65 320.09 259.53 368 320 368a113 113 0 0 0 23.21-2.46zM320 112c98.65 0 189.09 55 237.93 144a285.53 285.53 0 0 1-44 60.2l37.74 29.5a333.7 333.7 0 0 0 52.9-75.11 32.35 32.35 0 0 0 0-29.19C550.29 135.59 442.93 64 320 64c-36.7 0-71.71 7-104.63 18.81l46.41 36.29c18.94-4.3 38.34-7.1 58.22-7.1zm0 288c-98.65 0-189.08-55-237.93-144a285.47 285.47 0 0 1 44.05-60.19l-37.74-29.5a333.6 333.6 0 0 0-52.89 75.1 32.35 32.35 0 0 0 0 29.19C89.72 376.41 197.08 448 320 448c36.7 0 71.71-7.05 104.63-18.81l-46.41-36.28C359.28 397.2 339.89 400 320 400z\"><\/path>\n\t\t\t<\/svg><\/p>\n\t\t\t<\/p><p class=\"login-remember\"><label><input name=\"rememberme\" type=\"checkbox\" id=\"rememberme\" value=\"forever\" \/> Recu\u00e9rdame<\/label><\/p><p class=\"login-submit\">\n\t\t\t\t<input type=\"submit\" name=\"wp-submit\" id=\"wp-submit\" class=\"button button-primary\" value=\"Iniciar sesi\u00f3n\" \/>\n\t\t\t\t<input type=\"hidden\" name=\"redirect_to\" value=\"https:\/\/makenbake.mx\/tienda\/\" \/>\n\t\t\t<\/p><style type=\"text\/css\">div.nsl-container[data-align=\"left\"] {\n    text-align: left;\n}\n\ndiv.nsl-container[data-align=\"center\"] {\n    text-align: center;\n}\n\ndiv.nsl-container[data-align=\"right\"] {\n    text-align: right;\n}\n\n\ndiv.nsl-container div.nsl-container-buttons a[data-plugin=\"nsl\"] {\n    text-decoration: none;\n    box-shadow: none;\n    border: 0;\n}\n\ndiv.nsl-container .nsl-container-buttons {\n    display: flex;\n    padding: 5px 0;\n}\n\ndiv.nsl-container.nsl-container-block .nsl-container-buttons {\n    display: inline-grid;\n    grid-template-columns: minmax(145px, auto);\n}\n\ndiv.nsl-container-block-fullwidth .nsl-container-buttons {\n    flex-flow: column;\n    align-items: center;\n}\n\ndiv.nsl-container-block-fullwidth .nsl-container-buttons a,\ndiv.nsl-container-block .nsl-container-buttons a {\n    flex: 1 1 auto;\n    display: block;\n    margin: 5px 0;\n    width: 100%;\n}\n\ndiv.nsl-container-inline {\n    margin: -5px;\n    text-align: left;\n}\n\ndiv.nsl-container-inline .nsl-container-buttons {\n    justify-content: center;\n    flex-wrap: wrap;\n}\n\ndiv.nsl-container-inline .nsl-container-buttons a {\n    margin: 5px;\n    display: inline-block;\n}\n\ndiv.nsl-container-grid .nsl-container-buttons {\n    flex-flow: row;\n    align-items: center;\n    flex-wrap: wrap;\n}\n\ndiv.nsl-container-grid .nsl-container-buttons a {\n    flex: 1 1 auto;\n    display: block;\n    margin: 5px;\n    max-width: 280px;\n    width: 100%;\n}\n\n@media only screen and (min-width: 650px) {\n    div.nsl-container-grid .nsl-container-buttons a {\n        width: auto;\n    }\n}\n\ndiv.nsl-container .nsl-button {\n    cursor: pointer;\n    vertical-align: top;\n    border-radius: 4px;\n}\n\ndiv.nsl-container .nsl-button-default {\n    color: #fff;\n    display: flex;\n}\n\ndiv.nsl-container .nsl-button-icon {\n    display: inline-block;\n}\n\ndiv.nsl-container .nsl-button-svg-container {\n    flex: 0 0 auto;\n    padding: 8px;\n    display: flex;\n    align-items: center;\n}\n\ndiv.nsl-container svg {\n    height: 24px;\n    width: 24px;\n    vertical-align: top;\n}\n\ndiv.nsl-container .nsl-button-default div.nsl-button-label-container {\n    margin: 0 24px 0 12px;\n    padding: 10px 0;\n    font-family: Helvetica, Arial, sans-serif;\n    font-size: 16px;\n    line-height: 20px;\n    letter-spacing: .25px;\n    overflow: hidden;\n    text-align: center;\n    text-overflow: clip;\n    white-space: nowrap;\n    flex: 1 1 auto;\n    -webkit-font-smoothing: antialiased;\n    -moz-osx-font-smoothing: grayscale;\n    text-transform: none;\n    display: inline-block;\n}\n\ndiv.nsl-container .nsl-button-google[data-skin=\"dark\"] .nsl-button-svg-container {\n    margin: 1px;\n    padding: 7px;\n    border-radius: 3px;\n    background: #fff;\n}\n\ndiv.nsl-container .nsl-button-google[data-skin=\"light\"] {\n    border-radius: 1px;\n    box-shadow: 0 1px 5px 0 rgba(0, 0, 0, .25);\n    color: RGBA(0, 0, 0, 0.54);\n}\n\ndiv.nsl-container .nsl-button-apple .nsl-button-svg-container {\n    padding: 0 6px;\n}\n\ndiv.nsl-container .nsl-button-apple .nsl-button-svg-container svg {\n    height: 40px;\n    width: auto;\n}\n\ndiv.nsl-container .nsl-button-apple[data-skin=\"light\"] {\n    color: #000;\n    box-shadow: 0 0 0 1px #000;\n}\n\ndiv.nsl-container .nsl-button-facebook[data-skin=\"white\"] {\n    color: #000;\n    box-shadow: inset 0 0 0 1px #000;\n}\n\ndiv.nsl-container .nsl-button-facebook[data-skin=\"light\"] {\n    color: #1877F2;\n    box-shadow: inset 0 0 0 1px #1877F2;\n}\n\ndiv.nsl-container .nsl-button-spotify[data-skin=\"white\"] {\n    color: #191414;\n    box-shadow: inset 0 0 0 1px #191414;\n}\n\ndiv.nsl-container .nsl-button-apple div.nsl-button-label-container {\n    font-size: 17px;\n    font-family: -apple-system, BlinkMacSystemFont, \"Segoe UI\", Roboto, Helvetica, Arial, sans-serif, \"Apple Color Emoji\", \"Segoe UI Emoji\", \"Segoe UI Symbol\";\n}\n\ndiv.nsl-container .nsl-button-slack div.nsl-button-label-container {\n    font-size: 17px;\n    font-family: -apple-system, BlinkMacSystemFont, \"Segoe UI\", Roboto, Helvetica, Arial, sans-serif, \"Apple Color Emoji\", \"Segoe UI Emoji\", \"Segoe UI Symbol\";\n}\n\ndiv.nsl-container .nsl-button-slack[data-skin=\"light\"] {\n    color: #000000;\n    box-shadow: inset 0 0 0 1px #DDDDDD;\n}\n\ndiv.nsl-container .nsl-button-tiktok[data-skin=\"light\"] {\n    color: #161823;\n    box-shadow: 0 0 0 1px rgba(22, 24, 35, 0.12);\n}\n\n\ndiv.nsl-container .nsl-button-kakao {\n    color: rgba(0, 0, 0, 0.85);\n}\n\n.nsl-clear {\n    clear: both;\n}\n\n.nsl-container {\n    clear: both;\n}\n\n.nsl-disabled-provider .nsl-button {\n    filter: grayscale(1);\n    opacity: 0.8;\n}\n\n\/*Button align start*\/\n\ndiv.nsl-container-inline[data-align=\"left\"] .nsl-container-buttons {\n    justify-content: flex-start;\n}\n\ndiv.nsl-container-inline[data-align=\"center\"] .nsl-container-buttons {\n    justify-content: center;\n}\n\ndiv.nsl-container-inline[data-align=\"right\"] .nsl-container-buttons {\n    justify-content: flex-end;\n}\n\n\ndiv.nsl-container-grid[data-align=\"left\"] .nsl-container-buttons {\n    justify-content: flex-start;\n}\n\ndiv.nsl-container-grid[data-align=\"center\"] .nsl-container-buttons {\n    justify-content: center;\n}\n\ndiv.nsl-container-grid[data-align=\"right\"] .nsl-container-buttons {\n    justify-content: flex-end;\n}\n\ndiv.nsl-container-grid[data-align=\"space-around\"] .nsl-container-buttons {\n    justify-content: space-around;\n}\n\ndiv.nsl-container-grid[data-align=\"space-between\"] .nsl-container-buttons {\n    justify-content: space-between;\n}\n\n\/* Button align end*\/\n\n\/* Redirect *\/\n\n#nsl-redirect-overlay {\n    display: flex;\n    flex-direction: column;\n    justify-content: center;\n    align-items: center;\n    position: fixed;\n    z-index: 1000000;\n    left: 0;\n    top: 0;\n    width: 100%;\n    height: 100%;\n    backdrop-filter: blur(1px);\n    background-color: RGBA(0, 0, 0, .32);;\n}\n\n#nsl-redirect-overlay-container {\n    display: flex;\n    flex-direction: column;\n    justify-content: center;\n    align-items: center;\n    background-color: white;\n    padding: 30px;\n    border-radius: 10px;\n}\n\n#nsl-redirect-overlay-spinner {\n    content: '';\n    display: block;\n    margin: 20px;\n    border: 9px solid RGBA(0, 0, 0, .6);\n    border-top: 9px solid #fff;\n    border-radius: 50%;\n    box-shadow: inset 0 0 0 1px RGBA(0, 0, 0, .6), 0 0 0 1px RGBA(0, 0, 0, .6);\n    width: 40px;\n    height: 40px;\n    animation: nsl-loader-spin 2s linear infinite;\n}\n\n@keyframes nsl-loader-spin {\n    0% {\n        transform: rotate(0deg)\n    }\n    to {\n        transform: rotate(360deg)\n    }\n}\n\n#nsl-redirect-overlay-title {\n    font-family: -apple-system, BlinkMacSystemFont, \"Segoe UI\", Roboto, Oxygen-Sans, Ubuntu, Cantarell, \"Helvetica Neue\", sans-serif;\n    font-size: 18px;\n    font-weight: bold;\n    color: #3C434A;\n}\n\n#nsl-redirect-overlay-text {\n    font-family: -apple-system, BlinkMacSystemFont, \"Segoe UI\", Roboto, Oxygen-Sans, Ubuntu, Cantarell, \"Helvetica Neue\", sans-serif;\n    text-align: center;\n    font-size: 14px;\n    color: #3C434A;\n}\n\n\/* Redirect END*\/<\/style><style type=\"text\/css\">\/* Notice fallback *\/\n#nsl-notices-fallback {\n    position: fixed;\n    right: 10px;\n    top: 10px;\n    z-index: 10000;\n}\n\n.admin-bar #nsl-notices-fallback {\n    top: 42px;\n}\n\n#nsl-notices-fallback > div {\n    position: relative;\n    background: #fff;\n    border-left: 4px solid #fff;\n    box-shadow: 0 1px 1px 0 rgba(0, 0, 0, .1);\n    margin: 5px 15px 2px;\n    padding: 1px 20px;\n}\n\n#nsl-notices-fallback > div.error {\n    display: block;\n    border-left-color: #dc3232;\n}\n\n#nsl-notices-fallback > div.updated {\n    display: block;\n    border-left-color: #46b450;\n}\n\n#nsl-notices-fallback p {\n    margin: .5em 0;\n    padding: 2px;\n}\n\n#nsl-notices-fallback > div:after {\n    position: absolute;\n    right: 5px;\n    top: 5px;\n    content: '\\00d7';\n    display: block;\n    height: 16px;\n    width: 16px;\n    line-height: 16px;\n    text-align: center;\n    font-size: 20px;\n    cursor: pointer;\n}<\/style><div id=\"nsl-custom-login-form-1\"><div class=\"nsl-container nsl-container-block\" data-align=\"left\"><div class=\"nsl-container-buttons\"><a href=\"https:\/\/makenbake.mx\/tienda\/wp-login.php?loginSocial=google&#038;redirect=https%3A%2F%2Fmakenbake.mx%2Ftienda%2Fwp-json%2Fwp%2Fv2%2Fpages%2F862\" rel=\"nofollow\" aria-label=\"Continuar con &lt;b&gt;Google&lt;\/b&gt;\" data-plugin=\"nsl\" data- data-provider=\"google\" data-popupwidth=\"600\" data-popupheight=\"600\" data-e-disable-page-transition=\"1\"><div class=\"nsl-button nsl-button-default nsl-button-google\" data-skin=\"light\" style=\"background-color:#fff;\"><div class=\"nsl-button-svg-container\"><svg xmlns=\"http:\/\/www.w3.org\/2000\/svg\" width=\"24\" height=\"24\" viewBox=\"0 0 24 24\"><path fill=\"#4285F4\" d=\"M20.64 12.2045c0-.6381-.0573-1.2518-.1636-1.8409H12v3.4814h4.8436c-.2086 1.125-.8427 2.0782-1.7959 2.7164v2.2581h2.9087c1.7018-1.5668 2.6836-3.874 2.6836-6.615z\"><\/path><path fill=\"#34A853\" d=\"M12 21c2.43 0 4.4673-.806 5.9564-2.1805l-2.9087-2.2581c-.8059.54-1.8368.859-3.0477.859-2.344 0-4.3282-1.5831-5.036-3.7104H3.9574v2.3318C5.4382 18.9832 8.4818 21 12 21z\"><\/path><path fill=\"#FBBC05\" d=\"M6.964 13.71c-.18-.54-.2822-1.1168-.2822-1.71s.1023-1.17.2823-1.71V7.9582H3.9573A8.9965 8.9965 0 0 0 3 12c0 1.4523.3477 2.8268.9573 4.0418L6.964 13.71z\"><\/path><path fill=\"#EA4335\" d=\"M12 6.5795c1.3214 0 2.5077.4541 3.4405 1.346l2.5813-2.5814C16.4632 3.8918 14.426 3 12 3 8.4818 3 5.4382 5.0168 3.9573 7.9582L6.964 10.29C7.6718 8.1627 9.6559 6.5795 12 6.5795z\"><\/path><\/svg><\/div><div class=\"nsl-button-label-container\">Continuar con <b>Google<\/b><\/div><\/div><\/a><\/div><\/div><\/div><script type=\"text\/javascript\">\n    window._nslDOMReady(function () {\n        var container = document.getElementById('nsl-custom-login-form-1'),\n            form = container.closest('form');\n\n        var innerContainer = container.querySelector('.nsl-container');\n        if (innerContainer) {\n            innerContainer.classList.add('nsl-container-embedded-login-layout-below');\n            innerContainer.style.display = 'block';\n        }\n\n        form.appendChild(container);\n    });\n<\/script>\n<style type=\"text\/css\">\n    \n    #nsl-custom-login-form-1 .nsl-container {\n        display: none;\n    }\n\n    #nsl-custom-login-form-1 .nsl-container-embedded-login-layout-below {\n        clear: both;\n        padding: 20px 0 0;\n    }\n\n    .login form {\n        padding-bottom: 20px;\n    }<\/style>\n<input type=\"hidden\" name=\"jet_login\" value=\"1\"><\/form>\n<a href=\"https:\/\/makenbake.mx\/tienda\/mi-cuenta\/lost-password\/\" class=\"jet-login-lost-password-link\">\u00bfOlvidaste tu contrase\u00f1a?<\/a>\n<\/div><\/div>\t\t\t\t<\/div>\n\t\t\t\t<\/div>\n\t\t\t\t<\/div>\n\t\t\t\t<\/div>\n\t\t","protected":false},"excerpt":{"rendered":"<p>Inicia sesi\u00f3n Usuario Contrase\u00f1a Recu\u00e9rdame \u00bfOlvidaste tu contrase\u00f1a?<\/p>\n","protected":false},"author":1,"featured_media":0,"parent":0,"menu_order":0,"comment_status":"closed","ping_status":"closed","template":"","meta":{"site-sidebar-layout":"no-sidebar","site-content-layout":"","ast-site-content-layout":"full-width-container","site-content-style":"default","site-sidebar-style":"default","ast-global-header-display":"","ast-banner-title-visibility":"","ast-main-header-display":"","ast-hfb-above-header-display":"","ast-hfb-below-header-display":"","ast-hfb-mobile-header-display":"","site-post-title":"disabled","ast-breadcrumbs-content":"","ast-featured-img":"disabled","footer-sml-layout":"","theme-transparent-header-meta":"","adv-header-id-meta":"","stick-header-meta":"","header-above-stick-meta":"","header-main-stick-meta":"","header-below-stick-meta":"","astra-migrate-meta-layouts":"default","ast-page-background-enabled":"default","ast-page-background-meta":{"desktop":{"background-color":"var(--ast-global-color-4)","background-image":"","background-repeat":"repeat","background-position":"center center","background-size":"auto","background-attachment":"scroll","background-type":"","background-media":"","overlay-type":"","overlay-color":"","overlay-opacity":"","overlay-gradient":""},"tablet":{"background-color":"","background-image":"","background-repeat":"repeat","background-position":"center center","background-size":"auto","background-attachment":"scroll","background-type":"","background-media":"","overlay-type":"","overlay-color":"","overlay-opacity":"","overlay-gradient":""},"mobile":{"background-color":"","background-image":"","background-repeat":"repeat","background-position":"center center","background-size":"auto","background-attachment":"scroll","background-type":"","background-media":"","overlay-type":"","overlay-color":"","overlay-opacity":"","overlay-gradient":""}},"ast-content-background-meta":{"desktop":{"background-color":"var(--ast-global-color-5)","background-image":"","background-repeat":"repeat","background-position":"center center","background-size":"auto","background-attachment":"scroll","background-type":"","background-media":"","overlay-type":"","overlay-color":"","overlay-opacity":"","overlay-gradient":""},"tablet":{"background-color":"var(--ast-global-color-5)","background-image":"","background-repeat":"repeat","background-position":"center center","background-size":"auto","background-attachment":"scroll","background-type":"","background-media":"","overlay-type":"","overlay-color":"","overlay-opacity":"","overlay-gradient":""},"mobile":{"background-color":"var(--ast-global-color-5)","background-image":"","background-repeat":"repeat","background-position":"center center","background-size":"auto","background-attachment":"scroll","background-type":"","background-media":"","overlay-type":"","overlay-color":"","overlay-opacity":"","overlay-gradient":""}},"footnotes":""},"class_list":["post-862","page","type-page","status-publish","hentry"],"_links":{"self":[{"href":"https:\/\/makenbake.mx\/tienda\/wp-json\/wp\/v2\/pages\/862","targetHints":{"allow":["GET"]}}],"collection":[{"href":"https:\/\/makenbake.mx\/tienda\/wp-json\/wp\/v2\/pages"}],"about":[{"href":"https:\/\/makenbake.mx\/tienda\/wp-json\/wp\/v2\/types\/page"}],"author":[{"embeddable":true,"href":"https:\/\/makenbake.mx\/tienda\/wp-json\/wp\/v2\/users\/1"}],"replies":[{"embeddable":true,"href":"https:\/\/makenbake.mx\/tienda\/wp-json\/wp\/v2\/comments?post=862"}],"version-history":[{"count":0,"href":"https:\/\/makenbake.mx\/tienda\/wp-json\/wp\/v2\/pages\/862\/revisions"}],"wp:attachment":[{"href":"https:\/\/makenbake.mx\/tienda\/wp-json\/wp\/v2\/media?parent=862"}],"curies":[{"name":"wp","href":"https:\/\/api.w.org\/{rel}","templated":true}]}}